{"id":2175,"date":"2016-06-05T22:27:07","date_gmt":"2016-06-05T20:27:07","guid":{"rendered":"http:\/\/www.lacortedelingles.com\/blog\/?page_id=2175"},"modified":"2020-09-10T04:30:32","modified_gmt":"2020-09-10T02:30:32","slug":"parte-2","status":"publish","type":"page","link":"https:\/\/www.lacortedelingles.com\/blog\/parte-2\/","title":{"rendered":"El abogado designado por justicia gratuita."},"content":{"rendered":"<p style=\"text-align: left;\"><strong>Decid\u00ed<\/strong> tomar la decisi\u00f3n de <strong>denunciar al abogado de justicia gratuita<\/strong> debido a\u00a0 <strong>la evidente deslealtad profesional reflejada en su modo de operar\u00a0 <\/strong>de cara a la defensa de la marca \u201c<strong>La Corte del Ingl\u00e9s\u201d.<\/strong><\/p>\n<h4 style=\"text-align: left;\"><strong>\u00a0<\/strong><strong>DESLEALTAD PROFESIONAL.<\/strong><\/h4>\n<p style=\"text-align: left;\"><em>En la sentencia del tribunal supremo de fecha <strong>20 de noviembre de 2009<\/strong> en donde se\u00f1ala que el delito previsto en el art\u00edculo 467.2 del c\u00f3digo penal requiere como elementos objetivos del tipo los siguientes:<\/em><\/p>\n<ol style=\"text-align: left;\">\n<li><em>a) Una relaci\u00f3n profesional del abogado con el perjudicado derivada de la <strong>encomienda de intereses<\/strong>, sin que sea preciso que ello ocurra en el marco de la defensa en un procedimiento judicial.<\/em><\/li>\n<li><em>b) Un <span style=\"color: #ff0000;\"><strong>comportamiento activo u <u>omisivo<\/u><u>,<\/u><\/strong><\/span> propio de la profesi\u00f3n de abogado.<\/em><\/li>\n<li><em>c) <span style=\"color: #ff0000;\"><strong><u>Un perjuicio para el cliente, que ni siquiera tiene que ser necesariamente patrimonial<\/u><\/strong><\/span> (entre otras pueden verse las Sentencias 89\/2000 de 1 de febrero, la dictada en la causa especial n\u00fam. 1\/1999 de 31 de mayo y la n\u00fam. 87\/2002 de 22 de mayo).<\/em><\/li>\n<li><em>d)<\/em><em>Desde el punto de vista subjetivo,<span style=\"color: #ff0000;\"><strong> <u>se requiere que el sujeto act\u00fae con dolo<\/u>, al menos eventual, de suerte que si la conducta solo es imputable subjetivamente a t\u00edtulo de imprudencia<\/strong><\/span><\/em><em><span style=\"color: #ff0000;\"><strong>,<\/strong> <\/span>el tipo penal aplicable ser\u00e1 el del p\u00e1rrafo segundo del apartado 2 de dicho art\u00edculo 467 del C\u00f3digo Penal.<\/em><\/li>\n<\/ol>\n<p style=\"text-align: left;\"><em>\u00a0<\/em><\/p>\n<h3 style=\"text-align: left;\"><em>La <strong><u>mala praxis<\/u><\/strong> del abogado qued\u00f3 reflejada en las siguientes actuaciones:<\/em><\/h3>\n<p style=\"text-align: left;\"><em>\u00a0<\/em><\/p>\n<p style=\"text-align: left;\"><span style=\"text-decoration: underline;\"><strong>PRIMERA:<\/strong><\/span><\/p>\n<p style=\"text-align: left;\"><strong>El abogado omiti\u00f3 de forma intencionada el texto legal que debe ir en el informe fon\u00e9tico<\/strong><strong>.<\/strong>Esto podr\u00eda ser motivo suficiente para producir la <strong><u>invalidez<\/u> <\/strong>del mismo ante el Tribunal\u00a0 Superior de Justicia.De esta forma el abogado <strong>estar\u00eda perjudicando<\/strong> una prueba determinante para el caso en cuesti\u00f3n.<\/p>\n<p style=\"text-align: left;\">Present\u00e9 dicho <strong>informe fon\u00e9tico <\/strong>debido a la argumentaci\u00f3n\u00a0 realizada por\u00a0 la parte oponente\u00a0 en donde<strong> se afirmaba que \u00abLA\u00a0 Corte\u00a0 y\u00a0\u00a0 EL Corte\u00bb son id\u00e9nticos desde un punto de vista fon\u00e9tico.<\/strong><em><strong><br \/>\n<\/strong><\/em><\/p>\n<h3 style=\"text-align: left;\">\u00bfEs lo mismo decir que \u00abEL frente Espa\u00f1ol gasta el fondo de las pensiones para rescatar una Banca corrupta, que\u00a0 decir que \u00abLA\u00a0 frente del\u00a0 Espa\u00f1ol est\u00e1 llena de heridas por luchar contra la corrupci\u00f3n\u00bb?<span style=\"color: #ff0000;\">.<\/span><\/h3>\n<p style=\"text-align: left;\"><strong>\u00a0<\/strong><span style=\"text-decoration: underline;\"><strong>SEGUNDA:<\/strong><\/span><\/p>\n<p style=\"text-align: left;\">El letrado \u00a0me hace <strong>\u00a0firmar una hoja<\/strong> en la cual me impide publicar cualquier acci\u00f3n que este realizase relacionada con la defensa de la\u00a0<strong>MARCA<\/strong> en p\u00e1gina web alguna,as\u00ed como\u00a0 documentos que lleven su nombre.<\/p>\n<p style=\"text-align: left;\"><span style=\"color: #000000;\">Esto resultaba contradictorio ya que <span style=\"color: #ff0000;\"><strong>en internet podemos encontrar su nombre y apellidos en sentencias judiciales, cartas al defensor del pueblo,carteles de publicidad, foros de pol\u00edticas de inmigraci\u00f3n y libros.<\/strong><\/span><\/span><\/p>\n<p><a href=\"https:\/\/www.lacortedelingles.com\/blog\/wp-content\/uploads\/2017\/11\/cartel-letrado-refugiados.jpg\"><img loading=\"lazy\" decoding=\"async\" class=\"alignnone wp-image-3490 size-large\" src=\"https:\/\/www.lacortedelingles.com\/blog\/wp-content\/uploads\/2017\/11\/cartel-letrado-refugiados-1024x483.jpg\" alt=\"\" width=\"580\" height=\"274\" srcset=\"https:\/\/www.lacortedelingles.com\/blog\/wp-content\/uploads\/2017\/11\/cartel-letrado-refugiados-1024x483.jpg 1024w, https:\/\/www.lacortedelingles.com\/blog\/wp-content\/uploads\/2017\/11\/cartel-letrado-refugiados-300x141.jpg 300w, https:\/\/www.lacortedelingles.com\/blog\/wp-content\/uploads\/2017\/11\/cartel-letrado-refugiados-768x362.jpg 768w, https:\/\/www.lacortedelingles.com\/blog\/wp-content\/uploads\/2017\/11\/cartel-letrado-refugiados.jpg 1984w\" sizes=\"auto, (max-width: 580px) 100vw, 580px\" \/><\/a><\/p>\n<h5 style=\"text-align: left;\"><strong>Esto hizo que perdiese la plena CONFIANZA en el letrado.Aquello me llev\u00f3 a pensar que estaba actuando de forma claramente perjudicial \u00a0a mis intereses.<br \/>\n<\/strong><\/h5>\n<p style=\"text-align: left;\">La raz\u00f3n que se me ocurre para llevar a cabo dicha acci\u00f3n por parte del letrado vendr\u00eda motivada por el<strong> OCULTAMIENTO DE UN ESCRITO POBRE EN ARGUMENTOS<\/strong> para la defensa del pleno derecho del registro de la marca.<\/p>\n<p style=\"text-align: left;\">Con esta medida, el <strong>astuto letrado<\/strong> se estar\u00eda cubriendo las espaldas, ya que dicho escrito no podr\u00eda ser publicado en ning\u00fan medio sin su autorizaci\u00f3n.<\/p>\n<p style=\"text-align: left;\"><strong>TERCERA:<\/strong><\/p>\n<p style=\"text-align: left;\">Me comunica que el burofax que mand\u00e9 a <strong>GOOGLE <\/strong>sobre la modificaci\u00f3n en el t\u00edtulo de la web en los resultados m\u00f3viles no ser\u00eda incluido en el escrito de defensa por no ajustarse al caso.<\/p>\n<h5 style=\"text-align: left;\">La no inclusi\u00f3n de dicho burofax pondr\u00eda en entredicho la intencionalidad,\u00a0 y \u00a0la autor\u00eda del cambio del t\u00edtulo de la web, pudiendo dar pie a la parte demandante a fortalecer sus \u00a0argumentos de asociaci\u00f3n, o confusi\u00f3n, motivados por la eliminaci\u00f3n del art\u00edculo determinante \u201c<strong>LA\u00bb \u00a0\u00a0<\/strong>y \u00a0\u00ab<strong>Federico de Gales\u201d<\/strong>.<\/h5>\n<p style=\"text-align: left;\">La no inclusi\u00f3n de esta prueba evidencia un claro acto de mala fe por parte del letrado.La intenci\u00f3n no era otra que la de provocar un notable perjuicio hacia la marca\u00a0 \u201c<strong>LA<\/strong> CORTE <strong>DEL<\/strong> INGL\u00c9S\u201d.<\/p>\n<p style=\"text-align: left;\"><strong>CUARTA:<\/strong><\/p>\n<p style=\"text-align: left;\">El letrado <span style=\"color: #ff0000;\"><strong>NO me ense\u00f1\u00f3 el escrito de ALEGACIONES <\/strong><\/span>.Me dijo que este era de su autor\u00eda y que le proteg\u00eda el derecho de propiedad intelectual.<strong>No me ense\u00f1\u00f3 un escrito que yo mismo hab\u00eda realizado en su totalidad<\/strong>.Un escrito de <strong>22 hojas<\/strong> que le fue entregado en formato Word.<\/p>\n<p style=\"text-align: left;\"><strong>\u00a0<\/strong><strong>QUINTA:<\/strong><\/p>\n<p style=\"text-align: left;\">Se produce por parte del letrado una omisi\u00f3n de la entrega del documento que hace marcas y patentes en respuesta a \u201c<strong>EL corte Ingl\u00e9s<\/strong>\u201d para la concesi\u00f3n de la marca \u201c<strong>LA corte Del Ingl\u00e9s<\/strong><strong>\u201d<\/strong>.Este documento es el m\u00e1s importante de todos ya que dicta las bases argumentarias para la concesi\u00f3n de dicha marca.<\/p>\n<p style=\"text-align: left;\">Todos estos actos reflejan de forma clara la \u00a0intenci\u00f3n de provocar un m\u00e1s que notable perjuicio \u00a0en la defensa del caso.El escrito realizado por aquel letrado carecer\u00eda de la argumentaci\u00f3n necesaria para la buena defensa del mismo.De ah\u00ed la mala praxis a la hora de <strong><u>no ense\u00f1arme dicho escrito<\/u><\/strong>.<\/p>\n<h3 style=\"text-align: left;\">El juez que me fue asignado para llevar la denuncia al abogado por deslealtad profesional fue el mismo que sustituy\u00f3 \u00a0a \u201c<strong>Elpidio Silva\u201d (<\/strong>autor del libro, \u00ab<strong>la justicia desahuciada\u00bb )<\/strong> en el caso<strong> \u201cBlesa\u201d (Bankia).<\/strong><\/h3>\n<h3 style=\"text-align: left;\">&#8211; El Juez TORO ha decidido sobreseer ( <strong>archivar<\/strong>) \u00a0la denuncia.<\/h3>\n<p><iframe loading=\"lazy\" src=\"https:\/\/www.youtube.com\/embed\/ALcuHy0hk00\" width=\"560\" height=\"315\" frameborder=\"0\" allowfullscreen=\"allowfullscreen\"><\/iframe><\/p>\n<p style=\"text-align: left;\">Debido a esta decisi\u00f3n tuve que pedir otro abogado para <strong>recurrir la decisi\u00f3n adoptada.<\/strong><\/p>\n<p style=\"text-align: left;\">Gracias a \u00a0<strong>momentos de inspiraci\u00f3n<\/strong> he sido capaz de poder realizar la creaci\u00f3n de esta web,dise\u00f1arla,adaptarla,dotarla de un <strong>contenido ocultista<\/strong>,de formalizar su registro en marcas y patentes, y por el momento <strong>defenderla con u\u00f1as y dientes<\/strong> de las garras de esta poderosa entidad.Llegados a este punto,<strong>este espacio digital representa algo m\u00e1s que un simple blog de Magia y ocultismo,<\/strong>representa el\u00a0vivo reflejo de <strong>cualquier ciudadano<\/strong> <strong>obrero<\/strong>\u00a0 que lucha contra toda una<strong> estructura de poder establecida.<\/strong><\/p>\n<p style=\"text-align: left;\"><strong>El mismo juez del juzgado 36 ha vuelto a sobreseer la denuncia rechazando el recurso interpuesto.Nos lo han notificado el d\u00eda 1 de septiembre de 2016.<\/strong><\/p>\n<ul style=\"text-align: left;\">\n<li style=\"text-align: justify;\">Me ha llamado mucho la atenci\u00f3n la <strong>coincidencia del apellido del juez titular del juzgado 36<\/strong> con el del\u00a0abogado de \u00ab<strong>El CORTE INGL\u00c9S<\/strong>\u00ab, representado por el <strong>bufete<\/strong> JM <strong>TORO<\/strong> Abogados Patentes &amp; Marcas.<\/li>\n<li>\n<h3><strong>Debido al nuevo sobreseimiento no me\u00a0 qued\u00f3 otra opci\u00f3n que recurrir a la Audiencia Provincial.<\/strong><\/h3>\n<p>Hasta la fecha no he tenido la intenci\u00f3n de ir a ver a ning\u00fan medio de comunicaci\u00f3n, pero dadas las circunstancias me temo que no tengo otra alternativa.<\/li>\n<\/ul>\n<p style=\"text-align: left;\">En los pr\u00f3ximos d\u00edas visitar\u00e9 en persona los <strong>medios de comunicaci\u00f3n digitales<\/strong> m\u00e1s relevantes del pa\u00eds, as\u00ed como\u00a0al \u00a0<strong>defensor del pueblo,<\/strong> y\u00a0\u00a0 la <strong>asociaci\u00f3n de la prensa<\/strong>.<\/p>\n<p style=\"text-align: left;\"><iframe loading=\"lazy\" src=\"https:\/\/www.youtube.com\/embed\/2NXzzQ4OMW8?rel=0&amp;showinfo=0\" width=\"640\" height=\"360\" frameborder=\"0\" allowfullscreen=\"allowfullscreen\"><\/iframe><\/p>\n<h4 style=\"text-align: left;\"><strong>En la web os ir\u00e9 contando las experiencias con los mismos.<\/strong><\/h4>\n<p style=\"text-align: left;\"><a href=\"https:\/\/www.google.es\/#q=Suicidios+Silenciados+en+Espa%C3%B1a+%22Javier+Cardenas\" target=\"_blank\" rel=\"noopener noreferrer\">La respuesta sobre los medios de comunicaci\u00f3n es explicada por C\u00e1rdenas en SUICIDIOS SILENCIADOS EN ESPA\u00d1A.<\/a><\/p>\n<p style=\"text-align: left;\">Llegados hasta este punto me pregunto<strong> si se puede<\/strong>\u00a0 hacer m\u00e1s de lo que he hecho hasta ahora.Mi esperanza es pensar\u00a0 que,\u00a0 <strong>SI\u00a0 SE PUEDE.<\/strong><\/p>\n<p style=\"text-align: left;\">Un saludo.<\/p>\n<p style=\"text-align: left;\"><strong>De la Fuente ( LA CORTE DEL INGL\u00c9S).<\/strong><\/p>\n<p style=\"text-align: left;\"><a href=\"http:\/\/www.lacortedelingles.com\/blog\/Parte 3\">parte 3<\/a><\/p>\n","protected":false},"excerpt":{"rendered":"<p>Decid\u00ed tomar la decisi\u00f3n de denunciar al abogado de justicia gratuita debido a\u00a0 la evidente deslealtad profesional reflejada en su modo de operar\u00a0 de cara a la defensa de la marca \u201cLa Corte del Ingl\u00e9s\u201d. \u00a0DESLEALTAD PROFESIONAL. En la sentencia del tribunal supremo de fecha 20 de noviembre de 2009 en donde se\u00f1ala que el [&hellip;]<\/p>\n","protected":false},"author":1,"featured_media":0,"parent":0,"menu_order":0,"comment_status":"closed","ping_status":"closed","template":"","meta":{"footnotes":""},"class_list":["post-2175","page","type-page","status-publish","hentry"],"_links":{"self":[{"href":"https:\/\/www.lacortedelingles.com\/blog\/wp-json\/wp\/v2\/pages\/2175","targetHints":{"allow":["GET"]}}],"collection":[{"href":"https:\/\/www.lacortedelingles.com\/blog\/wp-json\/wp\/v2\/pages"}],"about":[{"href":"https:\/\/www.lacortedelingles.com\/blog\/wp-json\/wp\/v2\/types\/page"}],"author":[{"embeddable":true,"href":"https:\/\/www.lacortedelingles.com\/blog\/wp-json\/wp\/v2\/users\/1"}],"replies":[{"embeddable":true,"href":"https:\/\/www.lacortedelingles.com\/blog\/wp-json\/wp\/v2\/comments?post=2175"}],"version-history":[{"count":70,"href":"https:\/\/www.lacortedelingles.com\/blog\/wp-json\/wp\/v2\/pages\/2175\/revisions"}],"predecessor-version":[{"id":3887,"href":"https:\/\/www.lacortedelingles.com\/blog\/wp-json\/wp\/v2\/pages\/2175\/revisions\/3887"}],"wp:attachment":[{"href":"https:\/\/www.lacortedelingles.com\/blog\/wp-json\/wp\/v2\/media?parent=2175"}],"curies":[{"name":"wp","href":"https:\/\/api.w.org\/{rel}","templated":true}]}}