{"id":77,"date":"2020-01-07T10:18:22","date_gmt":"2020-01-07T10:18:22","guid":{"rendered":"https:\/\/www.lacortedelingles.com\/recomendacion\/politica-de-cookies\/"},"modified":"2022-01-19T10:38:18","modified_gmt":"2022-01-19T10:38:18","slug":"politica-de-cookies","status":"publish","type":"page","link":"https:\/\/www.lacortedelingles.com\/recomendacion\/politica-de-cookies\/","title":{"rendered":"AVISO LEGAL Y POL\u00cdTICA DE COOKIES."},"content":{"rendered":"<div class=\"entry-content\">\n<p><strong>La Corte del Ingl\u00e9s<\/strong>\u00a0 es un blog personal propiedad de <strong>David Gallego de la Fuente.<\/strong><\/p>\n<p>Con este blog, el autor pretende la publicaci\u00f3n de contenidos considerados de inter\u00e9s en materia de OCULTISMO.<\/p>\n<p>Mediante el acceso a los contenidos publicados en el blog los visitantes adquieren la condici\u00f3n de usuarios del mismo.<\/p>\n<p>La Corte del Ingl\u00e9s <strong>NO ALMACENA<\/strong> ning\u00fan dato del usuario. De esta manera cumple con la normativa legal vigente sobre ley de protecci\u00f3n de datos.<\/p>\n<h3>Dicho espacio digital NO utiliza:<\/h3>\n<ul>\n<li>Formularios de contacto o de registro.<\/li>\n<li>Comentarios en el blog.<\/li>\n<li>Formularios de suscripci\u00f3n.<\/li>\n<\/ul>\n<h3>Actividades econ\u00f3micas y mercantiles:<\/h3>\n<ul>\n<li>La Corte del Ingl\u00e9s es un blog de car\u00e1cter <strong>NO LUCRATIVO.<\/strong><\/li>\n<\/ul>\n<p>En consecuencia, mediante este sitio de internet no se ejercen actividades que encajen en el marco normativo definido por:<\/p>\n<p>Los art\u00edculos 78.1, 79.1 y 80 del Real Decreto Legislativo 2\/2004, de 5 de marzo, por el que se aprueba el texto refundido de la Ley Reguladora de las Haciendas Locales.<br \/>\nEl art\u00edculo 5 de la Ley 37\/1992, de 28 de diciembre, del Impuesto sobre el Valor A\u00f1adido.<br \/>\nEl art\u00edculo 3 del Real decreto de 22 de agosto de 1885 por el que se publica el C\u00f3digo de Comercio.<\/p>\n<p>Por tanto, este blog queda fuera del \u00e1mbito de aplicaci\u00f3n del art\u00edculo 2 de la Ley 34\/2002, de 11 de julio, de servicios de la sociedad de la informaci\u00f3n y de comercio electr\u00f3nico (LSSI) por lo que no ser\u00e1 de aplicaci\u00f3n ninguno de los preceptos en ella contenidos. En consecuencia, el propietario no tiene obligaci\u00f3n de facilitar dato identificativo alguno, m\u00e1s all\u00e1 de su propio nombre.<\/p>\n<p>La utilizaci\u00f3n no autorizada de la informaci\u00f3n contenida en esta Web, as\u00ed como la lesi\u00f3n de los derechos de Propiedad Intelectual o Industrial correspondientes, dar\u00e1 lugar a las responsabilidades legalmente establecidas.<\/p>\n<p><strong>www.lacortedelingles.com<\/strong> se reserva la facultad de efectuar, en cualquier momento y sin necesidad de previo aviso, modificaciones y actualizaciones de la informaci\u00f3n contenida en su Web o en la configuraci\u00f3n y presentaci\u00f3n de \u00e9sta.<\/p>\n<p><strong>www.lacortedelingles.com<\/strong> no se hace responsable de los posibles errores de seguridad que se puedan producir ni de los posibles da\u00f1os que puedan causarse al sistema inform\u00e1tico del Usuario (hardware y software), los ficheros o documentos almacenados en el mismo, como consecuencia de la presencia de virus en el ordenador del Usuario utilizado para la conexi\u00f3n a los servicios y contenidos de la Web, de un mal funcionamiento del navegador o del uso de versiones no actualizadas del mismo.<\/p>\n<p><strong>www.lacortedelingles.com<\/strong> y el Usuario, con renuncia expresa a cualquier otro fuero, se someten al de los juzgados y tribunales de la ciudad de Madrid, para cualquier controversia que pudiera derivarse del acceso a esta Web.<\/p>\n<h2>Pol\u00edtica de cookies:<\/h2>\n<p>La web de La corte del Ingl\u00e9s utiliza \u00a8Cookies\u00a8.Las Cookies son ficheros enviados a un navegador por medio de un servidor web para registrar las actividades del Usuario en una web determinada o en todas las webs, apps y\/o servicios de la web de La corte del ingl\u00e9s(en adelante, los Servicios). La primera finalidad de las Cookies es la de facilitar al Usuario un acceso m\u00e1s r\u00e1pido a los Servicios seleccionados.<\/p>\n<p>Las Cookies se asocian \u00fanicamente a un usuario an\u00f3nimo y su ordenador y no proporcionan referencias que permitan deducir datos personales del usuario. El usuario podr\u00e1 configurar su navegador para que notifique y rechace la instalaci\u00f3n de las Cookies enviadas por nuestra web, sin que ello perjudique la posibilidad del usuario de acceder a los Contenidos. Sin embargo, le hacemos notar que, en todo caso, la calidad de funcionamiento de la p\u00e1gina Web puede disminuir.<\/p>\n<h3>Tipolog\u00eda, finalidad y funcionamiento de las Cookies:<\/h3>\n<p>Las Cookies, en funci\u00f3n de su permanencia, pueden dividirse en Cookies de sesi\u00f3n o permanentes. Las primeras expiran cuando el Usuario cierra el navegador. Las segundas expiran en funci\u00f3n cuando se cumpla el objetivo para el que sirven.<br \/>\nAdicionalmente, en funci\u00f3n de su objetivo, las Cookies puedes clasificarse de la siguiente forma:<\/p>\n<p>COOKIES DE RENDIMIENTO: Este tipo de Cookie recuerda sus preferencias para las herramientas que se encuentran en los Servicios, por lo que no tiene que volver a configurar el servicio cada vez que usted visita. A modo de ejemplo, en esta tipolog\u00eda se incluyen:<\/p>\n<p>\u2013 Ajustes de volumen de reproductores de v\u00eddeo o sonido.<br \/>\n\u2013 Las velocidades de transmisi\u00f3n de v\u00eddeo que sean compatibles con su navegador.<br \/>\n\u2013 Los objetos guardados en el \u201ccarrito de la compra\u201d en los Servicios de E-commerce tales como tiendas.<\/p>\n<p>COOKIES DE GEO-LOCALIZACI\u00d3N: Estas Cookies son utilizadas para averiguar en qu\u00e9 pa\u00eds se encuentra cuando se solicita un Servicio. Esta Cookie es totalmente an\u00f3nima, y s\u00f3lo se utiliza para ayudar a orientar el contenido a su ubicaci\u00f3n.<\/p>\n<p>COOKIES DE REGISTRO: Las Cookies de registro se generan una vez que el Usuario se ha registrado o posteriormente ha abierto su sesi\u00f3n, y se utilizan para identificarle en los Servicios con los siguientes objetivos:<\/p>\n<p>Mantener al Usuario identificado de forma que, si cierra un Servicio, el navegador o el ordenador y en otro momento u otro d\u00eda vuelve a entrar en dicho Servicio, seguir\u00e1 identificado, facilitando as\u00ed su navegaci\u00f3n sin tener que volver a identificarse. Esta funcionalidad se puede suprimir si el Usuario pulsa la funcionalidad \u201ccerrar sesi\u00f3n\u201d, de forma que esta Cookie se elimina y la pr\u00f3xima vez que entre en el Servicio el Usuario tendr\u00e1 que iniciar sesi\u00f3n para estar identificado.<\/p>\n<p>Adicionalmente, algunos Servicios pueden utilizar conectores con redes sociales tales como Facebook ,Twitter youtube e instagram. Cuando el Usuario se registra en un Servicio con credenciales de una red social, autoriza a la red social a guardar una Cookie persistente que recuerda su identidad y le garantiza acceso a los Servicios hasta que expira. El usuario puede borrar esta Cookie y revocar el acceso a los Servicios mediante redes sociales actualizando sus preferencias en la red social que espec\u00edfica.<\/p>\n<p>COOKIES DE ANAL\u00cdTICAS: Cada vez que un usuario visita un Servicio, una herramienta de un proveedor externo (Omniture, Netscope, Comscore y similares que podr\u00e1n a\u00f1adirse a este listado en caso de que var\u00eden en relaci\u00f3n con los actuales) genera una Cookie anal\u00edtica en el ordenador del Usuario. Esta Cookie que s\u00f3lo se genera en la visita, servir\u00e1 para identificar de forma an\u00f3nima al visitante. Los objetivos principales que se persiguen son:<\/p>\n<p>Permitir la identificaci\u00f3n an\u00f3nima de los Usuarios navegantes a trav\u00e9s de la \u201cCookie\u201d (identifica navegadores y dispositivos, no personas) y por lo tanto la contabilizaci\u00f3n aproximada del n\u00famero de visitantes y su tendencia en el tiempo.<\/p>\n<p>\u2013 Identificar de forma an\u00f3nima los contenidos m\u00e1s visitados y por lo tanto m\u00e1s atractivos para los Usuarios<br \/>\n\u2013 Saber si el Usuario que est\u00e1 accediendo es nuevo o repite visita.<br \/>\nImportante: Dichas Cookies s\u00f3lo ser\u00e1n utilizadas con prop\u00f3sitos estad\u00edsticos que ayuden a la optimizaci\u00f3n de la experiencia de los Usuarios en el sitio.<\/p>\n<p>M\u00e1s informaci\u00f3n sobre la pol\u00edtica de privacidad de estas herramientas en:<\/p>\n<p>\u2013 Omniture: www.omniture.com\/es\/privacy;<br \/>\n\u2013 Comscore: www.comscore.com\/esl\/About_comScore\/Privacy_Policy; y<br \/>\n\u2013 Netscope: www.net-scope.com\/oursolutions\/oursolutions.aspx.<\/p>\n<p><strong>COOKIES PUBLICITARIAS DE TERCEROS:<\/strong>Estos pueden almacenar Cookies enviadas desde los Servicios de La Corte del Ingl\u00e9s procedentes de los navegadores de los usuarios, as\u00ed como acceder a los datos que en ellas se guardan.<\/p>\n<h3>C\u00f3mo deshabilitar las Cookies y los Web Bugs en los principales navegadores:<\/h3>\n<p>Normalmente es posible dejar de aceptar las Cookies del navegador, o dejar de aceptar las Cookies de un Servicio en particular.<br \/>\nTodos los navegadores modernos permiten cambiar la configuraci\u00f3n de Cookies. Estos ajustes normalmente se encuentra en las \u2018opciones\u2019 o \u2018Preferencias\u2019 del men\u00fa de su navegador. Asimismo, puede configurar su navegador o su gestor de correo electr\u00f3nico, as\u00ed como instalar complementos gratuitos para evitar que se descarguen los Web Bugs al abrir un email.<\/p>\n<h3>Ofrecemos orientaci\u00f3n al usuario sobre los pasos para acceder al men\u00fa de configuraci\u00f3n de las cookies y, en su caso, de la navegaci\u00f3n privada en cada uno de los navegadores principales:<\/h3>\n<p>Internet Explorer: Herramientas -&gt; Opciones de Internet -&gt; Privacidad -&gt; Configuraci\u00f3n.<br \/>\nPara m\u00e1s informaci\u00f3n, puede consultar el soporte de Microsoft o la Ayuda del navegador.<br \/>\nFirefox: Herramientas -&gt; Opciones -&gt; Privacidad -&gt; Historial -&gt; Configuraci\u00f3n Personalizada.<br \/>\nPara m\u00e1s informaci\u00f3n, puede consultar el soporte de Mozilla o la Ayuda del navegador.<br \/>\nChrome: Configuraci\u00f3n -&gt; Mostrar opciones avanzadas -&gt; Privacidad -&gt; Configuraci\u00f3n de contenido.<\/p>\n<p>Para m\u00e1s informaci\u00f3n, puede consultar el soporte de Google o la Ayuda del navegador.<br \/>\nSafari: Preferencias -&gt; Seguridad.<br \/>\nPara m\u00e1s informaci\u00f3n, puede consultar el soporte de Apple o la Ayuda del navegador.<br \/>\nQu\u00e9 ocurre si se deshabilitan las Cookies:<\/p>\n<p>Algunas funcionalidades de los Servicios quedar\u00e1n deshabilitados como, por ejemplo, permanecer identificado, mantener las compras en el \u201ccarrito de la compra\u201d en un Servicio de e-commerce, recibir informaci\u00f3n dirigida a su localizaci\u00f3n o la visualizaci\u00f3n de algunos v\u00eddeos.<\/p>\n<p><strong>ACTUALIZACIONES Y CAMBIOS EN LA POL\u00cdTICA DE PRIVACIDAD \/ COOKIES:<\/strong><\/p>\n<p>La Corte del Ingl\u00e9s puede modificar esta Pol\u00edtica de Cookies en funci\u00f3n de exigencias legislativas, reglamentarias, o con la finalidad de adaptar dicha pol\u00edtica a las instrucciones dictadas por la Agencia Espa\u00f1ola de Protecci\u00f3n de Datos, por ello se aconseja a los Usuarios que la visiten peri\u00f3dicamente.<\/p>\n<p>Cuando se produzcan cambios significativos en esta Pol\u00edtica de Cookies, se comunicar\u00e1n a los Usuarios bien mediante la web o a trav\u00e9s de correo electr\u00f3nico a los Usuarios registrados.<\/p>\n<p>Despu\u00e9s de haberte comentado el tema de las cookies paso a explicarte las que utiliza la web La Corte del Ingl\u00e9s.<\/p>\n<p>Las \u00fanicas cookies que utiiza la web de La Corte del Ingl\u00e9s son la del <strong>pluguin para la ley de protecci\u00f3n de datos<\/strong> y las que son <strong>implemendatas por terceros<\/strong> en las diferentes redes sociales como facebook,twitter,<strong>youtube<\/strong> e instagram.<\/p>\n<p>La cookie del plugin de protecci\u00f3n de datos lo \u00fanico que hace es registrar la aceptaci\u00f3n del aviso legal, para que a la pr\u00f3xima vez que entres en la web no te aparezca dicho aviso.<\/p>\n<p>Siento haberte dado este co\u00f1azo, pero es de obligado cumplimiento.<\/p>\n<p><strong>Gracias.<\/strong><\/p>\n<\/div>\n","protected":false},"excerpt":{"rendered":"<p>La Corte del Ingl\u00e9s\u00a0 es un blog personal propiedad de David Gallego de la Fuente. Con este blog, el autor pretende la publicaci\u00f3n de contenidos considerados de inter\u00e9s en materia de OCULTISMO. Mediante el acceso a los contenidos publicados en el blog los visitantes adquieren la condici\u00f3n de usuarios del mismo. La Corte del Ingl\u00e9s [&hellip;]<\/p>\n","protected":false},"author":1,"featured_media":0,"parent":0,"menu_order":0,"comment_status":"closed","ping_status":"closed","template":"","meta":{"footnotes":""},"class_list":["post-77","page","type-page","status-publish","hentry"],"_links":{"self":[{"href":"https:\/\/www.lacortedelingles.com\/recomendacion\/wp-json\/wp\/v2\/pages\/77","targetHints":{"allow":["GET"]}}],"collection":[{"href":"https:\/\/www.lacortedelingles.com\/recomendacion\/wp-json\/wp\/v2\/pages"}],"about":[{"href":"https:\/\/www.lacortedelingles.com\/recomendacion\/wp-json\/wp\/v2\/types\/page"}],"author":[{"embeddable":true,"href":"https:\/\/www.lacortedelingles.com\/recomendacion\/wp-json\/wp\/v2\/users\/1"}],"replies":[{"embeddable":true,"href":"https:\/\/www.lacortedelingles.com\/recomendacion\/wp-json\/wp\/v2\/comments?post=77"}],"version-history":[{"count":5,"href":"https:\/\/www.lacortedelingles.com\/recomendacion\/wp-json\/wp\/v2\/pages\/77\/revisions"}],"predecessor-version":[{"id":345,"href":"https:\/\/www.lacortedelingles.com\/recomendacion\/wp-json\/wp\/v2\/pages\/77\/revisions\/345"}],"wp:attachment":[{"href":"https:\/\/www.lacortedelingles.com\/recomendacion\/wp-json\/wp\/v2\/media?parent=77"}],"curies":[{"name":"wp","href":"https:\/\/api.w.org\/{rel}","templated":true}]}}