{"id":3,"date":"2022-03-07T16:41:08","date_gmt":"2022-03-07T16:41:08","guid":{"rendered":"https:\/\/www.lacortedelingles.com\/secretos\/?page_id=3"},"modified":"2022-09-10T11:41:02","modified_gmt":"2022-09-10T11:41:02","slug":"politica-privacidad","status":"publish","type":"page","link":"https:\/\/www.lacortedelingles.com\/secretos\/politica-privacidad\/","title":{"rendered":"Pol\u00edtica de privacidad"},"content":{"rendered":"<p>PROTECCI\u00d3N DE DATOS<\/p>\n<p>En cumplimiento del Reglamento (UE) 2016\/679, del Parlamento Europeo y del Consejo, de 27 de abril de 2016 (en adelante RGPD), el blog La Corte del Ingl\u00e9s pone de manifiesto la presente Pol\u00edtica respecto del tratamiento y protecci\u00f3n de datos personales.<br \/>\nDERECHOS DE LOS USUARIOS Y EJERCICIO DE LOS MISMOS<\/p>\n<p>Los usuarios podr\u00e1n ejercitar en cualquier momento los siguientes derechos reconocidos por el RGPD:<\/p>\n<p>Derecho de acceso: Los usuarios tienen derecho a obtener de lacortedelingles.com informaci\u00f3n acerca de si se est\u00e1n tratando datos personales que le conciernan, a acceder a los mismos y a obtener informaci\u00f3n sobre el tratamiento realizado.<br \/>\nDerecho a obtener una copia de sus datos personales.<br \/>\nDerecho de rectificaci\u00f3n: Los usuarios tienen derecho a que el blog lacortedelingles.com rectifique sus datos personales en el caso de que fueran inexactos o incompletos.<br \/>\nDerecho de supresi\u00f3n: Los usuarios tienen derecho a que se proceda a la supresi\u00f3n de los datos cuando estos ya no resulten necesarios para la finalidad para la que fueron proporcionados o cuando concurran el resto de circunstancias legalmente previstas.<br \/>\nDerecho de limitaci\u00f3n del tratamiento: Los usuarios tienen derecho a solicitar una limitaci\u00f3n en el tratamiento de sus datos personales, de forma que no se apliquen a los mismos las operaciones de tratamiento que deban corresponder en cada caso, en aquellos supuestos previstos en el art. 18 del RGPD.<br \/>\nDerecho a la portabilidad.: Los usuarios tienen derecho a recibir los datos personales que le incumban en un formato estructurado, siempre y cuando dichos datos incumban exclusivamente al usuario y hayan sido facilitados por \u00e9ste.<\/p>\n<p>Los usuarios podr\u00e1n ejercer sus derechos con el env\u00edo de una comunicaci\u00f3n por e-mail a la direcci\u00f3n <strong>comercial@lacortedelingles.es<\/strong><\/p>\n<p>COMUNICACIONES<\/p>\n<p>El usuario da su consentimiento expreso a la hora de que el titular del blog pueda recibir sus datos privados en el correo comercial@lacortedelingles.es.Acto seguido, el titular del blog de lacortedelingles.com se compromete a eliminar dicho correo de la bandeja de entrada con el fin de no almacenar ning\u00fan dato del usuario.<\/p>\n<p>Para ello lo podr\u00e1n hacer mediante comunicaci\u00f3n escrita dirigida a: comercial@lacortedelingles.es Responsable, David Gallego de la Fuente.28047 Espa\u00f1a.<\/p>\n<p>Dicho espacio digital <strong>NO utiliza<\/strong>:<\/p>\n<ul>\n<li>Formularios de contacto o de registro.<\/li>\n<li>Comentarios en el blog.<\/li>\n<li>Formularios de suscripci\u00f3n.<\/li>\n<li>Google Analytics.<\/li>\n<\/ul>\n<h2 class=\"western\">Contenido incrustado de otros sitios web:<\/h2>\n<p>Los art\u00edculos de este sitio pueden incluir contenido incrustado (por ejemplo, v\u00eddeos, im\u00e1genes, art\u00edculos, etc.). El contenido incrustado de otras webs se comporta exactamente de la misma manera que si el visitante hubiera visitado la otra web.<\/p>\n<p>Estas web pueden recopilar datos sobre ti, utilizar cookies, incrustar un seguimiento adicional de terceros, y supervisar tu interacci\u00f3n con ese contenido incrustado, incluido el seguimiento de tu interacci\u00f3n con el contenido incrustado si tienes una cuenta y est\u00e1s conectado a esa web.<\/p>\n","protected":false},"excerpt":{"rendered":"<p>PROTECCI\u00d3N DE DATOS En cumplimiento del Reglamento (UE) 2016\/679, del Parlamento Europeo y del Consejo, de 27 de abril de 2016 (en adelante RGPD), el blog La Corte del Ingl\u00e9s pone de manifiesto la presente Pol\u00edtica respecto del tratamiento y protecci\u00f3n de datos personales. DERECHOS DE LOS USUARIOS Y EJERCICIO DE LOS MISMOS Los usuarios [&hellip;]<\/p>\n","protected":false},"author":1,"featured_media":0,"parent":0,"menu_order":0,"comment_status":"closed","ping_status":"open","template":"","meta":{"footnotes":""},"class_list":["post-3","page","type-page","status-publish","hentry"],"_links":{"self":[{"href":"https:\/\/www.lacortedelingles.com\/secretos\/wp-json\/wp\/v2\/pages\/3","targetHints":{"allow":["GET"]}}],"collection":[{"href":"https:\/\/www.lacortedelingles.com\/secretos\/wp-json\/wp\/v2\/pages"}],"about":[{"href":"https:\/\/www.lacortedelingles.com\/secretos\/wp-json\/wp\/v2\/types\/page"}],"author":[{"embeddable":true,"href":"https:\/\/www.lacortedelingles.com\/secretos\/wp-json\/wp\/v2\/users\/1"}],"replies":[{"embeddable":true,"href":"https:\/\/www.lacortedelingles.com\/secretos\/wp-json\/wp\/v2\/comments?post=3"}],"version-history":[{"count":4,"href":"https:\/\/www.lacortedelingles.com\/secretos\/wp-json\/wp\/v2\/pages\/3\/revisions"}],"predecessor-version":[{"id":70,"href":"https:\/\/www.lacortedelingles.com\/secretos\/wp-json\/wp\/v2\/pages\/3\/revisions\/70"}],"wp:attachment":[{"href":"https:\/\/www.lacortedelingles.com\/secretos\/wp-json\/wp\/v2\/media?parent=3"}],"curies":[{"name":"wp","href":"https:\/\/api.w.org\/{rel}","templated":true}]}}