{"id":44,"date":"2022-03-07T17:36:48","date_gmt":"2022-03-07T17:36:48","guid":{"rendered":"https:\/\/www.lacortedelingles.com\/secretos\/?page_id=44"},"modified":"2022-03-07T17:36:48","modified_gmt":"2022-03-07T17:36:48","slug":"aviso-legal","status":"publish","type":"page","link":"https:\/\/www.lacortedelingles.com\/secretos\/aviso-legal\/","title":{"rendered":"Aviso legal"},"content":{"rendered":"<p>La Corte del Ingl\u00e9s  es un blog personal propiedad de David Gallego de la Fuente.<\/p>\n<p>Con este blog, el autor pretende la publicaci\u00f3n de contenidos considerados de inter\u00e9s en materia de OCULTISMO.<\/p>\n<p>Mediante el acceso a los contenidos publicados en el blog los visitantes adquieren la condici\u00f3n de usuarios del mismo.<\/p>\n<p>La Corte del Ingl\u00e9s NO ALMACENA ning\u00fan dato del usuario. De esta manera cumple con la normativa legal vigente sobre ley de protecci\u00f3n de datos.<\/p>\n<p>Dicho espacio digital NO utiliza:<\/p>\n<p>Formularios de contacto o de registro<br \/>\nComentarios en el blog.<br \/>\nFormularios de suscripci\u00f3n.<\/p>\n<p>Actividades econ\u00f3micas y mercantiles:<\/p>\n<p>La Corte del Ingl\u00e9s es un blog de car\u00e1cter NO LUCRATIVO.<\/p>\n<p>En consecuencia, mediante este sitio de internet no se ejercen actividades que encajen en el marco normativo definido por:<\/p>\n<p>Los art\u00edculos 78.1, 79.1 y 80 del Real Decreto Legislativo 2\/2004, de 5 de marzo, por el que se aprueba el texto refundido de la Ley Reguladora de las Haciendas Locales.<br \/>\nEl art\u00edculo 5 de la Ley 37\/1992, de 28 de diciembre, del Impuesto sobre el Valor A\u00f1adido.<br \/>\nEl art\u00edculo 3 del Real decreto de 22 de agosto de 1885 por el que se publica el C\u00f3digo de Comercio.<\/p>\n<p>Por tanto, este blog queda fuera del \u00e1mbito de aplicaci\u00f3n del art\u00edculo 2 de la Ley 34\/2002, de 11 de julio, de servicios de la sociedad de la informaci\u00f3n y de comercio electr\u00f3nico (LSSI) por lo que no ser\u00e1 de aplicaci\u00f3n ninguno de los preceptos en ella contenidos. En consecuencia, el propietario no tiene obligaci\u00f3n de facilitar dato identificativo alguno, m\u00e1s all\u00e1 de su propio nombre.<\/p>\n<p>La utilizaci\u00f3n no autorizada de la informaci\u00f3n contenida en esta Web, as\u00ed como la lesi\u00f3n de los derechos de Propiedad Intelectual o Industrial correspondientes, dar\u00e1 lugar a las responsabilidades legalmente establecidas.<\/p>\n<p>www.lacortedelingles.com se reserva la facultad de efectuar, en cualquier momento y sin necesidad de previo aviso, modificaciones y actualizaciones de la informaci\u00f3n contenida en su Web o en la configuraci\u00f3n y presentaci\u00f3n de \u00e9sta.<\/p>\n<p>www.lacortedelingles.com no se hace responsable de los posibles errores de seguridad que se puedan producir ni de los posibles da\u00f1os que puedan causarse al sistema inform\u00e1tico del Usuario (hardware y software), los ficheros o documentos almacenados en el mismo, como consecuencia de la presencia de virus en el ordenador del Usuario utilizado para la conexi\u00f3n a los servicios y contenidos de la Web, de un mal funcionamiento del navegador o del uso de versiones no actualizadas del mismo.<\/p>\n<p>www.lacortedelingles.com y el Usuario, con renuncia expresa a cualquier otro fuero, se someten al de los juzgados y tribunales de la ciudad de Madrid, para cualquier controversia que pudiera derivarse del acceso a esta Web.<\/p>\n","protected":false},"excerpt":{"rendered":"<p>La Corte del Ingl\u00e9s es un blog personal propiedad de David Gallego de la Fuente. Con este blog, el autor pretende la publicaci\u00f3n de contenidos considerados de inter\u00e9s en materia de OCULTISMO. Mediante el acceso a los contenidos publicados en el blog los visitantes adquieren la condici\u00f3n de usuarios del mismo. La Corte del Ingl\u00e9s [&hellip;]<\/p>\n","protected":false},"author":1,"featured_media":0,"parent":0,"menu_order":0,"comment_status":"closed","ping_status":"closed","template":"","meta":{"footnotes":""},"class_list":["post-44","page","type-page","status-publish","hentry"],"_links":{"self":[{"href":"https:\/\/www.lacortedelingles.com\/secretos\/wp-json\/wp\/v2\/pages\/44","targetHints":{"allow":["GET"]}}],"collection":[{"href":"https:\/\/www.lacortedelingles.com\/secretos\/wp-json\/wp\/v2\/pages"}],"about":[{"href":"https:\/\/www.lacortedelingles.com\/secretos\/wp-json\/wp\/v2\/types\/page"}],"author":[{"embeddable":true,"href":"https:\/\/www.lacortedelingles.com\/secretos\/wp-json\/wp\/v2\/users\/1"}],"replies":[{"embeddable":true,"href":"https:\/\/www.lacortedelingles.com\/secretos\/wp-json\/wp\/v2\/comments?post=44"}],"version-history":[{"count":1,"href":"https:\/\/www.lacortedelingles.com\/secretos\/wp-json\/wp\/v2\/pages\/44\/revisions"}],"predecessor-version":[{"id":45,"href":"https:\/\/www.lacortedelingles.com\/secretos\/wp-json\/wp\/v2\/pages\/44\/revisions\/45"}],"wp:attachment":[{"href":"https:\/\/www.lacortedelingles.com\/secretos\/wp-json\/wp\/v2\/media?parent=44"}],"curies":[{"name":"wp","href":"https:\/\/api.w.org\/{rel}","templated":true}]}}